{"id":141,"date":"2025-09-21T19:00:53","date_gmt":"2025-09-21T19:00:53","guid":{"rendered":"https:\/\/pjescobar.ar\/?page_id=141"},"modified":"2025-09-21T19:12:57","modified_gmt":"2025-09-21T19:12:57","slug":"autoridades","status":"publish","type":"page","link":"https:\/\/pjescobar.ar\/index.php\/autoridades\/","title":{"rendered":"Autoridades"},"content":{"rendered":"\n<p><u><strong>CONSEJO DEL PARTIDO<\/strong><\/u><strong><br><\/strong><br><strong>Presidente: Ariel SUJARCHUK<br><\/strong><\/p>\n\n\n\n<div class=\"wp-block-group is-vertical is-layout-flex wp-container-core-group-is-layout-8cf370e7 wp-block-group-is-layout-flex\">\n<p>Vicepresidente: Hugo CANTERO<\/p>\n\n\n\n<p>Secretar\u00eda General: Ricardo CHOFFI<\/p>\n<\/div>\n\n\n\n<p>Secretar\u00eda Administrativo y de Actas: Mar\u00eda Rosa PEREYRA<br>Secretar\u00eda de Organizaci\u00f3n: Andr\u00e9s RUSSO<br>Secretar\u00eda de Adoctrinamiento: Daniel BUFELLI<br>Secretar\u00eda de Acci\u00f3n Social: Lidia LEDESMA<br>Secretar\u00eda de Relaciones: Silvana CERCHIARI<br>Secretar\u00eda de Finanzas: Gustavo CASTA\u00d1O<br>Secretario de Cultura, Prensa y Propaganda: Hern\u00e1n BORZANI<br>Secretar\u00eda de la Mujer: Norma MOR\u00c1N<br>Secretar\u00eda de Asuntos Gremiales: Manuel CERRUDO<br>Secretar\u00eda T\u00e9cnico Profesional: Horacio FANDI\u00d1O<br>Secretar\u00eda de la Juventud: Jorge OLIVIERI<br>Secretar\u00eda de Derechos Humanos: Leonor ROMBOLA<br>Secretar\u00eda de Discapacidad: Mercedes GAYOSO<\/p>\n\n\n\n<p><strong>Vocales Titulares<\/strong><br>1\u00ba: Mat\u00edas PERALTA<br>2\u00b0: Norma BRETON<br>3\u00b0: Manuela BRIZUELA<br>4\u00b0: Ana Mar\u00eda GAMUZINA<br>5\u00b0: Diego L\u00d3PEZ<br>6\u00b0: Daiana JUAREZ<br>7\u00b0: Mirta SANTILL\u00c1N<br>8\u00b0: M\u00f3nica DE LA CORTE<\/p>\n\n\n\n<p><strong>Vocales Suplentes<\/strong><br>1\u00ba: Ariel LOVIZIO<br>2\u00ba: \u00c9rica PARSONS<br>3\u00ba: Mar\u00eda VERDE<br>4\u00ba: Marcela CASTELL\u00d3<br>5\u00ba: Hern\u00e1n ZACCARDI<br>6\u00ba: Alejandra CARUSO<br>7\u00ba: Andr\u00e9s FLORENT\u00cdN<br>8\u00ba: Andrea GONZ\u00c1LEZ<br>9\u00ba: Ra\u00fal ARAG\u00d3N<br>10\u00ba: Juana ESCALADA<br>11\u00ba: Alfredo GONZ\u00c1LEZ<br>12\u00ba: Manuela BRIZUELA<\/p>\n\n\n\n<p><strong>Congresales Titulares<\/strong><br><strong>1\u00ba: Ariel SUJARCHUK<\/strong><br><strong>2\u00ba: Cristina ALVAREZ RODRIGUEZ<\/strong><br>3\u00ba: Javier REHL GOMEZ<br>4\u00ba: Patricia DE LA CRUZ<br>5\u00ba: Carlos &#8220;Beto&#8221; RAMIL<br>6\u00ba: Patricia DURAN<br>7\u00ba: Pablo RAMOS<br>8\u00ba: Emilce GUTIERREZ<br>9\u00ba: Ricardo DESIMONE<br>10\u00ba: Andrea COTIGNOLA<br>11\u00ba: Roberto BUFELLI<br>12\u00ba: M\u00f3nica D\u00cdAZ<\/p>\n\n\n\n<p><strong>Congresales Suplentes<\/strong><br>1\u00ba: Edgardo MANDEL<br>2\u00ba: Marcela OYARZ\u00da<br>3\u00ba: Cristi\u00e1n RONDINELLA<br>4\u00ba: Noelia SANTUCHO<br>5\u00ba: Gustavo VALD\u00c9Z<br>6\u00ba: Milagros FERN\u00c1NDEZ<\/p>\n\n\n\n<p><\/p>\n","protected":false},"excerpt":{"rendered":"<p>CONSEJO DEL PARTIDOPresidente: Ariel SUJARCHUK Vicepresidente: Hugo CANTERO Secretar\u00eda General: Ricardo CHOFFI Secretar\u00eda Administrativo y de Actas: Mar\u00eda Rosa PEREYRASecretar\u00eda de Organizaci\u00f3n: Andr\u00e9s RUSSOSecretar\u00eda de Adoctrinamiento: Daniel BUFELLISecretar\u00eda de Acci\u00f3n Social: Lidia LEDESMASecretar\u00eda de Relaciones: Silvana CERCHIARISecretar\u00eda de Finanzas: Gustavo CASTA\u00d1OSecretario de Cultura, Prensa y Propaganda: Hern\u00e1n BORZANISecretar\u00eda de la Mujer: Norma MOR\u00c1NSecretar\u00eda de Asuntos [&hellip;]<\/p>\n","protected":false},"author":1,"featured_media":142,"parent":0,"menu_order":0,"comment_status":"closed","ping_status":"closed","template":"","meta":{"footnotes":""},"class_list":["post-141","page","type-page","status-publish","has-post-thumbnail","hentry"],"_links":{"self":[{"href":"https:\/\/pjescobar.ar\/index.php\/wp-json\/wp\/v2\/pages\/141","targetHints":{"allow":["GET"]}}],"collection":[{"href":"https:\/\/pjescobar.ar\/index.php\/wp-json\/wp\/v2\/pages"}],"about":[{"href":"https:\/\/pjescobar.ar\/index.php\/wp-json\/wp\/v2\/types\/page"}],"author":[{"embeddable":true,"href":"https:\/\/pjescobar.ar\/index.php\/wp-json\/wp\/v2\/users\/1"}],"replies":[{"embeddable":true,"href":"https:\/\/pjescobar.ar\/index.php\/wp-json\/wp\/v2\/comments?post=141"}],"version-history":[{"count":3,"href":"https:\/\/pjescobar.ar\/index.php\/wp-json\/wp\/v2\/pages\/141\/revisions"}],"predecessor-version":[{"id":149,"href":"https:\/\/pjescobar.ar\/index.php\/wp-json\/wp\/v2\/pages\/141\/revisions\/149"}],"wp:featuredmedia":[{"embeddable":true,"href":"https:\/\/pjescobar.ar\/index.php\/wp-json\/wp\/v2\/media\/142"}],"wp:attachment":[{"href":"https:\/\/pjescobar.ar\/index.php\/wp-json\/wp\/v2\/media?parent=141"}],"curies":[{"name":"wp","href":"https:\/\/api.w.org\/{rel}","templated":true}]}}